{"id":507,"date":"2016-06-04T16:44:45","date_gmt":"2016-06-04T15:44:45","guid":{"rendered":"http:\/\/www.autisme-neuchatel.ch\/New\/?page_id=507"},"modified":"2019-03-07T17:36:55","modified_gmt":"2019-03-07T16:36:55","slug":"outils-ressources","status":"publish","type":"page","link":"https:\/\/www.autisme-neuchatel.ch\/New\/?page_id=507","title":{"rendered":"Outils, ressources"},"content":{"rendered":"<p>Ci-dessous, nous vous proposer quelques ressources int\u00e9ressantes. Elles sont class\u00e9es par th\u00e8me. Le contenu de cette page sera \u00e9toff\u00e9 prochainement.<\/p>\n<h4>Alimentation<\/h4>\n<p>Voici un document du Centre de Communication Concr\u00e8te en Belgique, de M. Fondelli : <a href=\"http:\/\/www.autisme-neuchatel.ch\/New\/wp-content\/uploads\/2016\/04\/Autisme-et-alimentation-Thomas-Fondelli-3.pdf\" rel=\"\">Autisme et alimentation Thomas Fondelli<\/a><\/p>\n<p>Et un <a href=\"http:\/\/autisme-alimentation.fr\/\" target=\"_blank\" rel=\"noopener noreferrer\">site<\/a> internet sur le sujet.<\/p>\n<h4>Th\u00e9rapies<\/h4>\n<p>Ce document donne quelques informations sur TEACCH, ABA et PECS : <a href=\"http:\/\/www.autisme-neuchatel.ch\/New\/wp-content\/uploads\/2016\/04\/Approches-\u00e9ducatives.pdf\" rel=\"\">Approches \u00e9ducatives<\/a><\/p>\n<p>Et ici (<a href=\"http:\/\/www.autisme-neuchatel.ch\/New\/wp-content\/uploads\/2016\/04\/sanp-00101.pdf\" rel=\"\">sanp)<\/a>, un article sur les nouveaux programmes th\u00e9rapeutiques.<\/p>\n<h4>Outils, applications, etc.<\/h4>\n<p>Une liste d&rsquo;<strong>applications iPad<\/strong> est :\u00a0 <a href=\"http:\/\/www.autisme-neuchatel.ch\/New\/wp-content\/uploads\/2015\/12\/Bibliotheque_des_apps_iPad_PUB_20130419.pdf\" rel=\"\">Bibliotheque des apps iPad<br \/>\n<\/a><\/p>\n<p>Un site est d\u00e9di\u00e9 aux application sur iPad :\u00a0<a href=\"http:\/\/applications-autisme.com\/\">http:\/\/applications-autisme.com\/<\/a><\/p>\n<p>Un autre recueil complet d&rsquo;applications pour tablettes tactiles : <a href=\"http:\/\/www.autisme-neuchatel.ch\/New\/wp-content\/uploads\/2016\/04\/tablette_autismeV7.pdf\" rel=\"\">tablette_autisme<\/a><\/p>\n<p>Et une liste d&rsquo;applications : <a href=\"http:\/\/www.autisme-neuchatel.ch\/New\/wp-content\/uploads\/2016\/10\/iPad.pdf\">ipad<\/a><\/p>\n<p>TSARA (Trouble du Spectre de l\u2019Autisme et Recommandations aux aidants) est la premi\u00e8re application de jeu vid\u00e9o p\u00e9dagogique destin\u00e9e aux aidants de personnes avec autisme. Elle a pour objectif de faciliter l\u2019appropriation des <strong>Recommandations de Bonnes Pratiques<\/strong> concernant l\u2019autisme. Elle peut \u00eatre t\u00e9l\u00e9charg\u00e9e sur GooglePlay ou AppStore. Les informations sont sur le <a href=\"http:\/\/www.tsara-autisme.com\/\" target=\"_blank\" rel=\"noopener noreferrer\">lien <\/a>suivant.<\/p>\n<p>Le blog de <a href=\"http:\/\/www.bloghoptoys.fr\/\" target=\"_blank\" rel=\"noopener noreferrer\">HopToys<\/a> propose conseils, id\u00e9es, actualit\u00e9s, ressources tr\u00e8s vari\u00e9es et activit\u00e9s pour des enfants avec tout type de handicap.<\/p>\n<h4>Sc\u00e9narios sociaux<\/h4>\n<p>Une pr\u00e9sentation \u00ab\u00a0technique\u00a0\u00bb sur les sc\u00e9narios sociaux : <a href=\"http:\/\/www.autisme-neuchatel.ch\/New\/wp-content\/uploads\/2016\/05\/scenariosociaux.pdf\">scenariosociaux<\/a><\/p>\n<p>Un fichier avec des exemples de sc\u00e9narios sociaux :\u00a0<a href=\"http:\/\/www.autisme-neuchatel.ch\/New\/wp-content\/uploads\/2016\/05\/Scenarios_sociaux2004.pdf\">Scenarios_sociaux2004<\/a><\/p>\n<h4>Communication<\/h4>\n<p>Il existe plusieurs m\u00e9thodes de communication alternative et augmentative (CAA). Elles peuvent \u00eatre utilis\u00e9es avec des personnes avec autisme. On retrouve notamment (liste non exhaustive) :<\/p>\n<ul>\n<li>le\u00a0<strong><a title=\"Le PECS\" href=\"http:\/\/autismes-et-potentiels.ch\/pecs\/\" target=\"_blank\" rel=\"noopener noreferrer\">PECS<\/a><\/strong>\u00a0( syst\u00e8me de communication par \u00e9change d\u2019images),<\/li>\n<li>le<strong>\u00a0<a title=\"Le langage gestuel\" href=\"http:\/\/autismes-et-potentiels.ch\/langage-gestuel\/\" target=\"_blank\" rel=\"noopener noreferrer\">langage gestuel<\/a><\/strong>\u00a0autrement dit la langue des signes,<\/li>\n<li>le\u00a0<strong><a title=\"Le Makaton\" href=\"http:\/\/autismes-et-potentiels.ch\/makaton\/\" target=\"_blank\" rel=\"noopener noreferrer\">Makaton<\/a>.<\/strong><\/li>\n<\/ul>\n<p>Ce document propose des conseils sur la CAA. <a href=\"http:\/\/www.autisme-neuchatel.ch\/New\/wp-content\/uploads\/2016\/06\/ABC-CAA.pdf\">ABC CAA<\/a><\/p>\n<p>Un autre document sur la Communication Alternative et Augmentative destin\u00e9 aux familles. <a href=\"http:\/\/www.autisme-neuchatel.ch\/New\/wp-content\/uploads\/2017\/02\/La-CAA-livret-dinformation-\u00e0-destination-des-familles-de-personnes-TSA.pdf\" target=\"_blank\" rel=\"noopener noreferrer\">La-CAA-livret-dinformation-\u00e0-destination-des-familles-de-personnes-TSA<\/a><\/p>\n<h4>Comportement<\/h4>\n<p>En cas de changement de comportement, il est parfois n\u00e9cessaire de se poser la question suivante : <a href=\"http:\/\/www.autisme-neuchatel.ch\/New\/wp-content\/uploads\/2016\/06\/Changement_de_comportement_Et_si_cetait_une_douleur.pdf\">Changement_de_comportement_Et_si_cetait_une_douleur<\/a><\/p>\n<h4>Diagnostic<\/h4>\n<p>Pour reconna\u00eetre les premiers signes de l&rsquo;autisme : <a href=\"http:\/\/www.autisme-neuchatel.ch\/New\/wp-content\/uploads\/2016\/06\/brochure_depistage.pdf\">brochure_depistage<\/a><\/p>\n<h4>Pr\u00e9sentation des particularit\u00e9s de son enfant<\/h4>\n<p>Pour vous permettre de pr\u00e9senter les particularit\u00e9s de votre enfant, voici deux ressources qui peuvent vous \u00eatre utile :<\/p>\n<ul>\n<li>Le document de R\u00e9seau Bulle Qu\u00e9bec : <a href=\"http:\/\/www.autisme-neuchatel.ch\/New\/wp-content\/uploads\/2016\/08\/Je-vous-pr\u00e9sente-mon-enfant-papier-final.pdf\" target=\"_blank\" rel=\"noopener noreferrer\">Je vous pr\u00e9sente mon enfant<\/a><\/li>\n<li>Le site de Participate et son carnet de route : <a href=\"http:\/\/www.participate-autisme.be\/go\/fr\/trouver-des-ressources\/le-carnet-de-route\/le-carnet-de-route-inscription-et-login.cfm\" target=\"_blank\" rel=\"noopener noreferrer\">Carnet de route<\/a><\/li>\n<li>Lors d&rsquo;une visite chez un professionnel de la sant\u00e9 : <a href=\"http:\/\/www.autisme-neuchatel.ch\/New\/wp-content\/uploads\/2016\/09\/Je-vous-pre_sente-mon-autisme-2.pdf\" target=\"_blank\" rel=\"noopener noreferrer\">je-vous-presente-mon-autisme<\/a><\/li>\n<\/ul>\n<h4>Aspects sensoriels<\/h4>\n<p>autisme suisse romande propose le livre d\u2019Angie Voss, ergoth\u00e9rapeute am\u00e9ricaine. Cet ouvrage regorge de pistes pour mieux comprendre les besoins sensoriels des personnes avec autisme et pour mieux y r\u00e9pondre. Ce livre peut \u00eatre t\u00e9l\u00e9charg\u00e9 <a href=\"https:\/\/www.autisme.ch\/autisme\/autisme-pratique\/aspects-sensoriels\" target=\"_blank\" rel=\"noopener noreferrer\">ici<\/a>.<\/p>\n<p><strong>Des trucs? Des astuces?<\/strong><\/p>\n<p>Nous avons rassembl\u00e9 pour vous quelques trucs et astuces dans <a href=\"http:\/\/www.autisme-neuchatel.ch\/documents\/Trucs%20et%20Astuces.pdf\">ce document<\/a>. Si vous avez des astuces \u00e0 partager, n&rsquo;h\u00e9sitez pas \u00e0 nous en faire part en nous les envoyant \u00e0 <a href=\"mailto:info@autisme-neuchatel.ch\">info@autisme-neuchatel.ch.<\/a><\/p>\n","protected":false},"excerpt":{"rendered":"<p>Ci-dessous, nous vous proposer quelques ressources int\u00e9ressantes. Elles sont class\u00e9es par th\u00e8me. Le contenu de cette page sera \u00e9toff\u00e9 prochainement. Alimentation Voici un document du Centre de Communication Concr\u00e8te en &hellip; <\/p>\n<p class=\"link-more\"><a href=\"https:\/\/www.autisme-neuchatel.ch\/New\/?page_id=507\" class=\"more-link\">Continuer la lecture<span class=\"screen-reader-text\"> de &laquo;&nbsp;Outils, ressources&nbsp;&raquo;<\/span><\/a><\/p>\n","protected":false},"author":1,"featured_media":0,"parent":0,"menu_order":0,"comment_status":"closed","ping_status":"closed","template":"","meta":{"_price":"","_stock":"","_tribe_ticket_header":"","_tribe_default_ticket_provider":"","_tribe_ticket_capacity":"0","_ticket_start_date":"","_ticket_end_date":"","_tribe_ticket_show_description":"","_tribe_ticket_show_not_going":false,"_tribe_ticket_use_global_stock":"","_tribe_ticket_global_stock_level":"","_global_stock_mode":"","_global_stock_cap":"","_tribe_rsvp_for_event":"","_tribe_ticket_going_count":"","_tribe_ticket_not_going_count":"","_tribe_tickets_list":"[]","_tribe_ticket_has_attendee_info_fields":false,"footnotes":"","_tec_slr_enabled":"","_tec_slr_layout":""},"class_list":["post-507","page","type-page","status-publish","hentry"],"ticketed":false,"_links":{"self":[{"href":"https:\/\/www.autisme-neuchatel.ch\/New\/index.php?rest_route=\/wp\/v2\/pages\/507","targetHints":{"allow":["GET"]}}],"collection":[{"href":"https:\/\/www.autisme-neuchatel.ch\/New\/index.php?rest_route=\/wp\/v2\/pages"}],"about":[{"href":"https:\/\/www.autisme-neuchatel.ch\/New\/index.php?rest_route=\/wp\/v2\/types\/page"}],"author":[{"embeddable":true,"href":"https:\/\/www.autisme-neuchatel.ch\/New\/index.php?rest_route=\/wp\/v2\/users\/1"}],"replies":[{"embeddable":true,"href":"https:\/\/www.autisme-neuchatel.ch\/New\/index.php?rest_route=%2Fwp%2Fv2%2Fcomments&post=507"}],"version-history":[{"count":23,"href":"https:\/\/www.autisme-neuchatel.ch\/New\/index.php?rest_route=\/wp\/v2\/pages\/507\/revisions"}],"predecessor-version":[{"id":1559,"href":"https:\/\/www.autisme-neuchatel.ch\/New\/index.php?rest_route=\/wp\/v2\/pages\/507\/revisions\/1559"}],"wp:attachment":[{"href":"https:\/\/www.autisme-neuchatel.ch\/New\/index.php?rest_route=%2Fwp%2Fv2%2Fmedia&parent=507"}],"curies":[{"name":"wp","href":"https:\/\/api.w.org\/{rel}","templated":true}]}}