{"id":504,"date":"2018-05-30T22:37:24","date_gmt":"2018-05-30T20:37:24","guid":{"rendered":"http:\/\/www.autisme-neuchatel.ch\/New\/?page_id=504"},"modified":"2018-06-07T19:19:11","modified_gmt":"2018-06-07T17:19:11","slug":"services-dautres-fondations-et-associations","status":"publish","type":"page","link":"https:\/\/www.autisme-neuchatel.ch\/New\/?page_id=504","title":{"rendered":"Services d&rsquo;autres fondations et associations"},"content":{"rendered":"<p>Nous ne sommes pas la seule association \u00e0 fournir des services. Certes nous les fournissons sans frais pour les membres mais nous ne somme pas seuls au monde.<\/p>\n<p>Nous avons donc essay\u00e9 de recenser les diff\u00e9rents services propos\u00e9s par d&rsquo;autres associations et fondations (liste non exhaustive) :<\/p>\n<h3>autisme suisse romande<\/h3>\n<p>autisme suisse romande propose :<\/p>\n<ul>\n<li><strong>\u00e9coute<\/strong> et <strong>soutien<\/strong><\/li>\n<li>des<strong> informations<\/strong> et de la <strong>documentation<\/strong><\/li>\n<li>des <strong>formations<\/strong> pour parents &amp; professionnels (voir sous <a href=\"http:\/\/www.autisme-neuchatel.ch\/New\/?page_id=71\" target=\"_blank\" rel=\"noopener\">formation<\/a>)<\/li>\n<li>des <strong>conf\u00e9rences<\/strong> et des journ\u00e9es d&rsquo;\u00e9tudes<\/li>\n<li>l&rsquo;<strong>organisation de loisirs pour les enfants, les adolescents et les adultes : <\/strong>Il existe des <strong>week-ends<\/strong> ou des <strong>semaines de camp<\/strong> propos\u00e9s au centre de loisirs \u00ab\u00a0la Cabane Orange\u00a0\u00bb. Ce centre est sp\u00e9cialis\u00e9 dans l&rsquo;accueil d&rsquo;enfants, d&rsquo;adolescents et d&rsquo;adultes avec un trouble du spectre de l&rsquo;autisme. Cette prestation est organis\u00e9e par la Fondation Coup d&rsquo;Pouce.<\/li>\n<li>des <strong>rencontres de parents<\/strong><\/li>\n<\/ul>\n<h3>Insieme Neuch\u00e2tel<\/h3>\n<p>Insieme Neuch\u00e2tel propose :<\/p>\n<ul>\n<li><strong>Ecoute<\/strong><\/li>\n<li><strong>Aide<\/strong> pour trouver des solutions<\/li>\n<li><strong>Accompagnement<\/strong> lors des colloques avec les professionnels<\/li>\n<li><strong>Accompagnement<\/strong> dans les r\u00e9seaux scolaires<\/li>\n<li><strong>\u00abCaf\u00e9 des Experts\u00bb<\/strong> pour renforcer la confiance en soi, se d\u00e9charger des situations lourdes, exprimer ses sentiments de d\u00e9sespoir, de col\u00e8re ou de raz-le-bol, \u00eatre \u00e9paul\u00e9 pour chercher des solutions pratiques et utiles et faire profiter de son exp\u00e9rience<\/li>\n<li>En collaboration avec Cerebral, <strong>\u00ab\u00a0service-d\u00e9pannage\u00a0\u00bb<\/strong> et <strong>\u00ab\u00a0transports\u00a0\u00bb<\/strong> pour les enfants de 0 \u00e0 20 ans<\/li>\n<li>Cours de <strong>vacances<\/strong> et <strong>week-ends<\/strong><\/li>\n<li>Animations r\u00e9cr\u00e9atives, conf\u00e9rences, aide administrative<\/li>\n<\/ul>\n<h3>Inclusion handicap<\/h3>\n<p>Inclusion handicap est une fa\u00eeti\u00e8re qui s&rsquo;engage pour les droits et l&rsquo;inclusion des personnes avec un handicap, quel qu&rsquo;il soit. Parmi les services propos\u00e9s, ont peut noter:<\/p>\n<ul>\n<li><strong>Conseils juridiques<\/strong> ind\u00e9pendamment de l&rsquo;affiliation ou non \u00e0 une association. Attention ce service n&rsquo;est pas gratuit : 150.- par cas sont per\u00e7us.<\/li>\n<\/ul>\n<p>Fondation les Perce-Neige<\/p>\n<p>La fondation les Perce-Neige est la fondation qui\u00a0 offre le plus de services dans le canton de Neuch\u00e2tel pour les personnes TSA, les personnes avec handicap mental, les polyhandicap\u00e9s et les c\u00e9r\u00e9braux l\u00e9s\u00e9s.<\/p>\n<p>Ces services suivent les personnes tout au long de leur vie (enfance, \u00e2ge adulte et personne \u00e2g\u00e9e en fonction de ses capacit\u00e9s en terme d&rsquo;autonomie (\u00e2ge adulte) et TSA, handicap mental et poly-handicap pour les mineures. Les services sont trop nombreux pour \u00eatre recens\u00e9s ici mais on peut remarquer pour les mineures:<\/p>\n<ul>\n<li><a href=\"http:\/\/www.perce-neige.ch\/prestations\/personne-mineure-en-situation-de-handicap\/#c593\" target=\"_self\">Service Educatif Itin\u00e9rant<\/a><\/li>\n<li><a href=\"http:\/\/www.perce-neige.ch\/prestations\/personne-mineure-en-situation-de-handicap\/#c596\" target=\"_self\">Accueil et Consultation Pr\u00e9coce en Autisme<\/a><\/li>\n<li><a href=\"http:\/\/www.perce-neige.ch\/prestations\/personne-mineure-en-situation-de-handicap\/#c668\" target=\"_self\">Soutien P\u00e9dagogique Sp\u00e9cialis\u00e9<\/a><\/li>\n<li><a href=\"http:\/\/www.perce-neige.ch\/prestations\/personne-mineure-en-situation-de-handicap\/#c600\" target=\"_self\">Scolarit\u00e9 en classe dans un centre p\u00e9dagogique<\/a><\/li>\n<li><a href=\"http:\/\/www.perce-neige.ch\/prestations\/personne-mineure-en-situation-de-handicap\/#c676\" target=\"_self\">Scolarit\u00e9 en classe ordinaire<\/a><\/li>\n<li><a href=\"http:\/\/www.perce-neige.ch\/prestations\/personne-mineure-en-situation-de-handicap\/#c680\" target=\"_self\">Scolarit\u00e9 mixte<\/a><\/li>\n<li><a href=\"http:\/\/www.perce-neige.ch\/prestations\/personne-mineure-en-situation-de-handicap\/#c688\" target=\"_self\">L&rsquo;internat<\/a><\/li>\n<li><a href=\"http:\/\/www.perce-neige.ch\/prestations\/personne-mineure-en-situation-de-handicap\/#c691\" target=\"_self\">L&rsquo;Unit\u00e9 d\u2019Accueil Temporaire (UAT)<\/a><\/li>\n<\/ul>\n<p>Pour les adultes :<\/p>\n<ul>\n<li><a href=\"http:\/\/www.perce-neige.ch\/prestations\/personne-majeure-en-situation-de-handicap\/personne-majeure-avec-une-autonomie-large\/\">Domaine de comp\u00e9tence autonomie large<\/a><\/li>\n<li><a href=\"http:\/\/www.perce-neige.ch\/prestations\/personne-majeure-en-situation-de-handicap\/personne-majeure-avec-une-autonomie-legere\/\">Domaine de comp\u00e9tence autonomie l\u00e9g\u00e8re<\/a><\/li>\n<li><a href=\"http:\/\/www.perce-neige.ch\/prestations\/personne-majeure-en-situation-de-handicap\/personne-majeure-avec-une-autonomie-restreinte\/\">Domaine de comp\u00e9tence autonomie restreinte<\/a><\/li>\n<li><a href=\"http:\/\/www.perce-neige.ch\/prestations\/personne-agee-en-situation-de-handicap\/\">Personnes \u00e2g\u00e9es en situation de handicap<\/a><\/li>\n<\/ul>\n<p>d&rsquo;UAT, ateliers, formations, &#8230; les services sont tr\u00e8s nombreux. Nous vous conseillons de faire un tour sur le site des Perce-Neige et de demander une entrevue avant de faire votre choix. Certains de ces services peuvent \u00eatre subordonn\u00e9s \u00e0 des autorisations de services \u00e9tatiques .<\/p>\n<h3><a href=\"http:\/\/www.parlondautisme.ch\/\">Parlons d&rsquo;autisme<\/a><\/h3>\n<p>Les\u00a0 services de Parlons d&rsquo;autisme ne sont disponibles, sous conditions, qu&rsquo;aux membres de cette associations. Les conf\u00e9rences sont propos\u00e9es gratuitement avec un cagnotte \u00e0 la sortie.<\/p>\n<ul>\n<li>Conf\u00e9rences<\/li>\n<li>Ateliers<\/li>\n<li>Soutien juridique<\/li>\n<li>Conseil en assurances sociales<\/li>\n<li>Conseil individuels en TSA<\/li>\n<\/ul>\n<p>&nbsp;<\/p>\n<p>Nous ne sommes pas les seuls \u00e0 avoir des projets ! Les personnes atteintes d&rsquo;autisme en ont aussi : ce sont leurs r\u00eaves. Les r\u00eaveurs peuvent s&rsquo;adresser \u00e0 deux fondations qui vont mettre tout en \u0153uvre pour r\u00e9aliser leur plus grand souhait !\u00a0 Ces deux fondations, que le comit\u00e9 remercie vivement pour leur travail exemplaire, sont :<\/p>\n<ul>\n<li><a href=\"http:\/\/www.lampemagique.ch\/\" target=\"_blank\" rel=\"noopener\">Fondation la Lampe Magique<\/a><\/li>\n<li><a href=\"http:\/\/www.etoilefilante.ch\/\" target=\"_blank\" rel=\"noopener\">Fondation Etoile Filante<\/a><\/li>\n<\/ul>\n<p>Il suffit de contacter l&rsquo;une ou l&rsquo;autre de ces fondations (un formulaire existe pour chaque fondation) en d\u00e9crivant ce que d\u00e9sire le r\u00eaveur, ensuite chacune prendra contact avec vous pour en parler. Ces r\u00eaves sont avant tout&#8230; du r\u00eave, des souvenirs, des moments inoubliables ! Il n&rsquo;y a donc pas de prise en charge de th\u00e9rapies, de dons en esp\u00e8ces ou autre. Sachez aussi que la Fondation la Lampe Magique r\u00e9alise aussi les r\u00eaves d&rsquo;adultes !<\/p>\n<ul>\n<li><a href=\"https:\/\/www.justforsmiles.ch\/\">Fondation Just for Smiles\u00a0<\/a><\/li>\n<\/ul>\n<p>Just for Smiles, selon la formule de sa mission, s&rsquo;engage \u00e0 d\u00e9velopper de mani\u00e8re p\u00e9renne des activit\u00e9s sportives adapt\u00e9es. Autisme Neuch\u00e2tel va tenter en 2018 de mettre sur pied une collaboration avec cette fondation afin de permettre aux personnes avec TSA d&rsquo;acc\u00e9der \u00e0 des activit\u00e9s sportives sans frais.<\/p>\n","protected":false},"excerpt":{"rendered":"<p>Nous ne sommes pas la seule association \u00e0 fournir des services. Certes nous les fournissons sans frais pour les membres mais nous ne somme pas seuls au monde. Nous avons &hellip; <\/p>\n<p class=\"link-more\"><a href=\"https:\/\/www.autisme-neuchatel.ch\/New\/?page_id=504\" class=\"more-link\">Continuer la lecture<span class=\"screen-reader-text\"> de &laquo;&nbsp;Services d&rsquo;autres fondations et associations&nbsp;&raquo;<\/span><\/a><\/p>\n","protected":false},"author":1,"featured_media":0,"parent":0,"menu_order":0,"comment_status":"closed","ping_status":"closed","template":"","meta":{"_price":"","_stock":"","_tribe_ticket_header":"","_tribe_default_ticket_provider":"","_tribe_ticket_capacity":"0","_ticket_start_date":"","_ticket_end_date":"","_tribe_ticket_show_description":"","_tribe_ticket_show_not_going":false,"_tribe_ticket_use_global_stock":"","_tribe_ticket_global_stock_level":"","_global_stock_mode":"","_global_stock_cap":"","_tribe_rsvp_for_event":"","_tribe_ticket_going_count":"","_tribe_ticket_not_going_count":"","_tribe_tickets_list":"[]","_tribe_ticket_has_attendee_info_fields":false,"footnotes":"","_tec_slr_enabled":"","_tec_slr_layout":""},"class_list":["post-504","page","type-page","status-publish","hentry"],"ticketed":false,"_links":{"self":[{"href":"https:\/\/www.autisme-neuchatel.ch\/New\/index.php?rest_route=\/wp\/v2\/pages\/504","targetHints":{"allow":["GET"]}}],"collection":[{"href":"https:\/\/www.autisme-neuchatel.ch\/New\/index.php?rest_route=\/wp\/v2\/pages"}],"about":[{"href":"https:\/\/www.autisme-neuchatel.ch\/New\/index.php?rest_route=\/wp\/v2\/types\/page"}],"author":[{"embeddable":true,"href":"https:\/\/www.autisme-neuchatel.ch\/New\/index.php?rest_route=\/wp\/v2\/users\/1"}],"replies":[{"embeddable":true,"href":"https:\/\/www.autisme-neuchatel.ch\/New\/index.php?rest_route=%2Fwp%2Fv2%2Fcomments&post=504"}],"version-history":[{"count":13,"href":"https:\/\/www.autisme-neuchatel.ch\/New\/index.php?rest_route=\/wp\/v2\/pages\/504\/revisions"}],"predecessor-version":[{"id":1241,"href":"https:\/\/www.autisme-neuchatel.ch\/New\/index.php?rest_route=\/wp\/v2\/pages\/504\/revisions\/1241"}],"wp:attachment":[{"href":"https:\/\/www.autisme-neuchatel.ch\/New\/index.php?rest_route=%2Fwp%2Fv2%2Fmedia&parent=504"}],"curies":[{"name":"wp","href":"https:\/\/api.w.org\/{rel}","templated":true}]}}