{"id":2051,"date":"2021-12-05T22:09:09","date_gmt":"2021-12-05T21:09:09","guid":{"rendered":"https:\/\/www.autisme-neuchatel.ch\/New\/?page_id=2051"},"modified":"2021-12-05T22:21:36","modified_gmt":"2021-12-05T21:21:36","slug":"bonifications-pour-taches-dassistance","status":"publish","type":"page","link":"https:\/\/www.autisme-neuchatel.ch\/New\/?page_id=2051","title":{"rendered":"Bonifications pour t\u00e2ches d&rsquo;assistance"},"content":{"rendered":"<p>Les t\u00e2ches d&rsquo;assistance \u00e0 nos enfants, nos fr\u00e8res ou soeurs sont des t\u00e2ches que nous accomplissons sans nous poser de question.\u00a0 Or, il est possible d&rsquo;avoir des bonifications pour ces t\u00e2ches d&rsquo;assistance dans le calcul des rentes AVS.\u00a0 Ces bonifications\u00a0 s&rsquo;ajoutent aux revenus formateurs de rente et permettent de toucher une rente plus \u00e9lev\u00e9e, si vous avez pris soin d&rsquo;un parent d\u00e9pendant. Ce n&rsquo;est pas une prestation en esp\u00e8ces.<\/p>\n<h4>Quand puis-je faire valoir mon droit?<\/h4>\n<p>Vous pouvez faire valoir ce droit aux bonifications au plus t\u00f4t l&rsquo;ann\u00e9e civile qui suit votre\u00a0 17\u00e8me anniversaire et au plus tard jusqu&rsquo;au 31 d\u00e9cembre qui pr\u00e9c\u00e8de votre 65\u00e8me ou 64\u00e8me anniversaire.<\/p>\n<h4>Qui peut y pr\u00e9tendre?<\/h4>\n<p>Si plusieurs personnes se sont occup\u00e9es de la personne en situation de handicap, une personne sera la personne principale, les autres aidants (autre parent, fr\u00e8re ou soeur) seront des personnes consid\u00e9r\u00e9es comme personnes suppl\u00e9mentaires. Le partenaire (autre parent) doit faire m\u00e9nage commun depuis au moins cinq ans sans interruption. La personne que vous aidez <strong>doit avoir une allocation pour impotence<\/strong> afin de pouvoir y pr\u00e9tendre.<\/p>\n<h4><strong>Bonifications pour t\u00e2ches d&rsquo;assistance et bonifications pour t\u00e2ches \u00e9ducatives<\/strong><\/h4>\n<p>On ne peut pr\u00e9tendre au deux. elle peuvent par contre se suivre:\u00a0 il est possible de b\u00e9n\u00e9ficier des bonifications pour t\u00e2ches \u00e9ducatives jusqu&rsquo;\u00e0 16 ans et ensuite de bonifications pour t\u00e2ches d&rsquo;assistance ensuite.<\/p>\n<h4>Partage de la bonification<\/h4>\n<p>La bonification est partag\u00e9e en part \u00e9gale entre la personne principale et les personnes suppl\u00e9mentaires. Si dans une famille, les parents et la soeur de la personne concern\u00e9e prennent soin de cette derni\u00e8re alors, les trois personnes partagent pour un tiers la bonification pour t\u00e2che d&rsquo;assistance.<\/p>\n<h4>Calcul de la rente<\/h4>\n<p>Les ann\u00e9es pour lesquelles la bonification peut vous \u00eatre attribu\u00e9e sont inscrites dans un compte individuel et le montant sera calcul\u00e9 au moment du calcul de la rente.<\/p>\n<h4>Aupr\u00e8s de qui dois-je faire la demande?<\/h4>\n<p>Vous devez faire votre demande aupr\u00e8s des caisses de compensation du canton de la personne dont vous prenez soin ou de leurs agences ou encore sous www.avs-ai.ch.<\/p>\n<p><strong>ATTENTION!<\/strong> Vous devez vous annoncer <strong>chaque ann\u00e9e, en fin d&rsquo;ann\u00e9e civile <\/strong>aupr\u00e8s de la caisse cantonale de compensation du domicile de la personne dont vous prenez soin.\u00a0 Il semble que la Caisse Cantonale Neuch\u00e2teloise de Compensation (CCNC) devance cette \u00e9ch\u00e9ance et envoie le formulaire en avance. A noter dans l&rsquo;agenda cependant&#8230; On n&rsquo;est jamais assez prudent.<\/p>\n<h4>Pr\u00e9cautions<\/h4>\n<ul>\n<li>Faites toujours des copies de ce que vous envoyez y compris des enveloppes!<\/li>\n<li>Gardez tous les courriers qui vont sont envoy\u00e9s<\/li>\n<li>Gardez les enveloppes (et oui, certaines agences , vont vous demander \u00e0 ce que vous envoyez l&rsquo;enveloppe d&rsquo;un courrier)!<\/li>\n<\/ul>\n<h2><span style=\"color: #ff0000;\"><strong>Documents cl\u00e9s<\/strong><\/span><\/h2>\n<p><strong>Document d&rsquo;aide<\/strong> :\u00a0<a href=\"https:\/\/www.ahv-iv.ch\/p\/1.03.f\">https:\/\/www.ahv-iv.ch\/p\/1.03.f<\/a><\/p>\n<p><strong>Aide aupr\u00e8s de la CCNC<\/strong> :\u00a0<a href=\"https:\/\/www.caisseavsne.ch\/particuliers\/certificat-dassurancecompte-individuel\/bonifications-pour-taches-dassistance\/\">https:\/\/www.caisseavsne.ch\/particuliers\/certificat-dassurancecompte-individuel\/bonifications-pour-taches-dassistance\/<\/a><\/p>\n<p>En tant que <strong>personne principale,<\/strong> vous devez remplir le <strong>formulaire<\/strong> \u00ab\u00a0<em>Demande de bonifications pour t\u00e2ches d&rsquo;assistance<\/em> \u00a0\u00bb r\u00e9f\u00e9rence\u00a0 <strong>318_270_v2_756<\/strong>\u00a0 (5 pages). Disponible via\u00a0<a href=\"https:\/\/www.caisseavsne.ch\/particuliers\/certificat-dassurancecompte-individuel\/bonifications-pour-taches-dassistance\/\">https:\/\/www.caisseavsne.ch\/particuliers\/certificat-dassurancecompte-individuel\/bonifications-pour-taches-dassistance\/<\/a><\/p>\n<p>Les <strong>personnes suppl\u00e9mentaires<\/strong> doivent remplir le <strong>formulaire<\/strong> \u00ab\u00a0<em>Feuille compl\u00e9mentaire \u00e0 la demande de bonifications pour t\u00e2ches d&rsquo;assistance<\/em>\u00a0\u00bb R\u00e9f\u00e9rence\u00a0 <strong>318_270_v1_756<\/strong> (4 pages) Disponible via le m\u00eame lien que pour la personne principale<\/p>\n","protected":false},"excerpt":{"rendered":"<p>Les t\u00e2ches d&rsquo;assistance \u00e0 nos enfants, nos fr\u00e8res ou soeurs sont des t\u00e2ches que nous accomplissons sans nous poser de question.\u00a0 Or, il est possible d&rsquo;avoir des bonifications pour ces &hellip; <\/p>\n<p class=\"link-more\"><a href=\"https:\/\/www.autisme-neuchatel.ch\/New\/?page_id=2051\" class=\"more-link\">Continuer la lecture<span class=\"screen-reader-text\"> de &laquo;&nbsp;Bonifications pour t\u00e2ches d&rsquo;assistance&nbsp;&raquo;<\/span><\/a><\/p>\n","protected":false},"author":1,"featured_media":0,"parent":46,"menu_order":0,"comment_status":"closed","ping_status":"closed","template":"","meta":{"_price":"","_stock":"","_tribe_ticket_header":"","_tribe_default_ticket_provider":"","_tribe_ticket_capacity":"0","_ticket_start_date":"","_ticket_end_date":"","_tribe_ticket_show_description":"","_tribe_ticket_show_not_going":false,"_tribe_ticket_use_global_stock":"","_tribe_ticket_global_stock_level":"","_global_stock_mode":"","_global_stock_cap":"","_tribe_rsvp_for_event":"","_tribe_ticket_going_count":"","_tribe_ticket_not_going_count":"","_tribe_tickets_list":"[]","_tribe_ticket_has_attendee_info_fields":false,"footnotes":"","_tec_slr_enabled":"","_tec_slr_layout":""},"class_list":["post-2051","page","type-page","status-publish","hentry"],"ticketed":false,"_links":{"self":[{"href":"https:\/\/www.autisme-neuchatel.ch\/New\/index.php?rest_route=\/wp\/v2\/pages\/2051","targetHints":{"allow":["GET"]}}],"collection":[{"href":"https:\/\/www.autisme-neuchatel.ch\/New\/index.php?rest_route=\/wp\/v2\/pages"}],"about":[{"href":"https:\/\/www.autisme-neuchatel.ch\/New\/index.php?rest_route=\/wp\/v2\/types\/page"}],"author":[{"embeddable":true,"href":"https:\/\/www.autisme-neuchatel.ch\/New\/index.php?rest_route=\/wp\/v2\/users\/1"}],"replies":[{"embeddable":true,"href":"https:\/\/www.autisme-neuchatel.ch\/New\/index.php?rest_route=%2Fwp%2Fv2%2Fcomments&post=2051"}],"version-history":[{"count":7,"href":"https:\/\/www.autisme-neuchatel.ch\/New\/index.php?rest_route=\/wp\/v2\/pages\/2051\/revisions"}],"predecessor-version":[{"id":2061,"href":"https:\/\/www.autisme-neuchatel.ch\/New\/index.php?rest_route=\/wp\/v2\/pages\/2051\/revisions\/2061"}],"up":[{"embeddable":true,"href":"https:\/\/www.autisme-neuchatel.ch\/New\/index.php?rest_route=\/wp\/v2\/pages\/46"}],"wp:attachment":[{"href":"https:\/\/www.autisme-neuchatel.ch\/New\/index.php?rest_route=%2Fwp%2Fv2%2Fmedia&parent=2051"}],"curies":[{"name":"wp","href":"https:\/\/api.w.org\/{rel}","templated":true}]}}