{"id":125,"date":"2015-09-02T21:36:27","date_gmt":"2015-09-02T20:36:27","guid":{"rendered":"http:\/\/www.autisme-neuchatel.ch\/New\/?page_id=125"},"modified":"2015-09-02T21:36:27","modified_gmt":"2015-09-02T20:36:27","slug":"romain","status":"publish","type":"page","link":"https:\/\/www.autisme-neuchatel.ch\/New\/?page_id=125","title":{"rendered":"Romain"},"content":{"rendered":"<h2>Romain<\/h2>\n<p>Je suis maman de deux enfants, Romain 3 ans et Luca 18 mois, Romain a \u00e9t\u00e9 diagnostiqu\u00e9 autiste d\u00e9but d\u00e9cembre 2005, \u00e7a n&rsquo;a pas \u00e9t\u00e9 une grande r\u00e9v\u00e9lation, mon entourage trouvait que Romain avait un comportement anormal, il ne jouait pas avec les autres enfants, ne parlait pas, fuyait du regard, et secouait sa main sans cesse.<\/p>\n<p>Nous avons vu plusieurs psychiatres, qui avant-tout pensaient que les soucis de Romain, \u00e9tait la cons\u00e9quence de mon enfance, et oui, ma m\u00e8re est schizophr\u00e8ne, et actuellement elle est suivie en h\u00f4pital de jour et m\u00e9dicament\u00e9e, donc certains psy ont d\u00e9duit que je r\u00e9percutais mon enfance sur celle de Romain, ce qui faisait qu&rsquo;il avait des troubles du comportement. En parall\u00e8le, comme je voyais qu&rsquo;ils ne faisaient rien pour aider Romain, je me suis tourn\u00e9e vers les associations, puis suivi deux formations, l&rsquo;une sur le diagnostic, l&rsquo;autre sur la communication alternative (P.E.C.S), au cours de ces deux formations j&rsquo;ai beaucoup appris sur comment je devais me comporter avec Romain, et comment je pouvais aider Romain \u00e0 progresser, et \u00e7a a port\u00e9 ses fruits, Romain est mieux dans sa peau, il a commenc\u00e9 \u00e0 parler, c&rsquo;est vrai les progr\u00e8s sont longs, mais il y a un d\u00e9but de syntaxe, puis il a moins de troubles du comportement, et commence \u00e0 interagir avec les adultes !!!<\/p>\n<p>Sans parler des aides visuelles, maintenant il conna\u00eet les couleurs, les logos de voiture, compte jusqu&rsquo;\u00e0 cinq, et une chose essentielle il a pris conscience de son \u00ab\u00a0moi\u00a0\u00bb.<\/p>\n<p>Aujourd&rsquo;hui, nous sommes en attente d&rsquo;une place en CMP \u00e0 mi-temps, j&rsquo;avais oubli\u00e9 de pr\u00e9ciser que Romain va en petite section de maternelle tous les matins, et il en est vraiment heureux !<\/p>\n<p>Aujourd&rsquo;hui, j&rsquo;accepte l&rsquo;autisme de Romain, mais ce que je n&rsquo;accepte pas c&rsquo;est le retard que la France a dans ce domaine, en France on parle beaucoup de l&rsquo;autisme comme une maladie psychiatrique, et il y a un grand manque de structures.<\/p>\n<p>La chance que nous avons c&rsquo;est que Romain est un enfant qui se motive tr\u00e8s facilement, avec une excellente m\u00e9moire, quand il r\u00e9ussit, et que nous le f\u00e9licitons, il en est heureux !<\/p>\n<p>Romain a un retard mental (18 mois), mais il a la chance d&rsquo;avoir son petit fr\u00e8re Luca (18 mois), Romain aime imiter son fr\u00e8re, donc Luca sera une aide pr\u00e9cieuse pour tirer son fr\u00e8re vers le haut.<\/p>\n<p>En r\u00e9sum\u00e9, je suis tr\u00e8s confiante en l&rsquo;avenir, et en Romain, et tant pis, si la vie ne sera pas toujours ais\u00e9e.<\/p>\n","protected":false},"excerpt":{"rendered":"<p>Romain Je suis maman de deux enfants, Romain 3 ans et Luca 18 mois, Romain a \u00e9t\u00e9 diagnostiqu\u00e9 autiste d\u00e9but d\u00e9cembre 2005, \u00e7a n&rsquo;a pas \u00e9t\u00e9 une grande r\u00e9v\u00e9lation, mon &hellip; <\/p>\n<p class=\"link-more\"><a href=\"https:\/\/www.autisme-neuchatel.ch\/New\/?page_id=125\" class=\"more-link\">Continuer la lecture<span class=\"screen-reader-text\"> de &laquo;&nbsp;Romain&nbsp;&raquo;<\/span><\/a><\/p>\n","protected":false},"author":1,"featured_media":0,"parent":131,"menu_order":0,"comment_status":"closed","ping_status":"open","template":"","meta":{"_price":"","_stock":"","_tribe_ticket_header":"","_tribe_default_ticket_provider":"","_tribe_ticket_capacity":"0","_ticket_start_date":"","_ticket_end_date":"","_tribe_ticket_show_description":"","_tribe_ticket_show_not_going":false,"_tribe_ticket_use_global_stock":"","_tribe_ticket_global_stock_level":"","_global_stock_mode":"","_global_stock_cap":"","_tribe_rsvp_for_event":"","_tribe_ticket_going_count":"","_tribe_ticket_not_going_count":"","_tribe_tickets_list":"[]","_tribe_ticket_has_attendee_info_fields":false,"footnotes":"","_tec_slr_enabled":"","_tec_slr_layout":""},"class_list":["post-125","page","type-page","status-publish","hentry"],"ticketed":false,"_links":{"self":[{"href":"https:\/\/www.autisme-neuchatel.ch\/New\/index.php?rest_route=\/wp\/v2\/pages\/125","targetHints":{"allow":["GET"]}}],"collection":[{"href":"https:\/\/www.autisme-neuchatel.ch\/New\/index.php?rest_route=\/wp\/v2\/pages"}],"about":[{"href":"https:\/\/www.autisme-neuchatel.ch\/New\/index.php?rest_route=\/wp\/v2\/types\/page"}],"author":[{"embeddable":true,"href":"https:\/\/www.autisme-neuchatel.ch\/New\/index.php?rest_route=\/wp\/v2\/users\/1"}],"replies":[{"embeddable":true,"href":"https:\/\/www.autisme-neuchatel.ch\/New\/index.php?rest_route=%2Fwp%2Fv2%2Fcomments&post=125"}],"version-history":[{"count":1,"href":"https:\/\/www.autisme-neuchatel.ch\/New\/index.php?rest_route=\/wp\/v2\/pages\/125\/revisions"}],"predecessor-version":[{"id":126,"href":"https:\/\/www.autisme-neuchatel.ch\/New\/index.php?rest_route=\/wp\/v2\/pages\/125\/revisions\/126"}],"up":[{"embeddable":true,"href":"https:\/\/www.autisme-neuchatel.ch\/New\/index.php?rest_route=\/wp\/v2\/pages\/131"}],"wp:attachment":[{"href":"https:\/\/www.autisme-neuchatel.ch\/New\/index.php?rest_route=%2Fwp%2Fv2%2Fmedia&parent=125"}],"curies":[{"name":"wp","href":"https:\/\/api.w.org\/{rel}","templated":true}]}}