{"id":1044,"date":"2018-02-11T21:24:49","date_gmt":"2018-02-11T20:24:49","guid":{"rendered":"http:\/\/www.autisme-neuchatel.ch\/New\/?page_id=1044"},"modified":"2018-02-11T21:24:49","modified_gmt":"2018-02-11T20:24:49","slug":"les-podcasts","status":"publish","type":"page","link":"https:\/\/www.autisme-neuchatel.ch\/New\/?page_id=1044","title":{"rendered":"Les podcasts"},"content":{"rendered":"<p>Une des fa\u00e7ons d&rsquo;en conna\u00eetre plus sur les troubles du spectre de l&rsquo;autisme est de visionner ou d&rsquo;\u00e9couter des podcasts.\u00a0 Toute une s\u00e9rie de ceux-ci est disponible via Apple iTunes ou Google Podcast. Cependant et afin de faciliter vos recherches, nous allons fournir ici, le plus souvent possible, les liens vers les podcasts.<\/p>\n<p>Dans un futur tr\u00e8s proche, nous allons nous aussi cr\u00e9er des podcasts sp\u00e9cifiques en relation avec\u00a0 que nous mettrons en ligne ici. Dans un second temps, il est possible que nous mettions ces podcasts \u00e0 dispositions via des plateformes comme Apple iTunes ou Google Podcast.<\/p>\n<p>Nous ne pouvons pas passer notre temps \u00e0 chercher des podcasts, si vous en trouvez, n&rsquo;h\u00e9sitez pas \u00e0 nous contacter via <a href=\"mailto:info@autisme-neuchatel.ch\">info@autisme-neuchatel.ch<\/a><\/p>\n<p><strong>Les podcasts d&rsquo;Autisme Neuch\u00e2tel<\/strong><\/p>\n<ul>\n<li>Les podcasts ici&#8230;Tr\u00e8s bient\u00f4t!<\/li>\n<\/ul>\n<h3><strong>Podcast en anglais<\/strong><\/h3>\n<ul>\n<li>\u00a0<a href=\"https:\/\/itunesu.itunes.apple.com\/feed\/id970776151\" target=\"_blank\" rel=\"noopener\">Living with autism, La Trobe University<\/a><\/li>\n<li><a href=\"http:\/\/www.blogtalkradio.com\/allautismtalk\/podcast\" target=\"_blank\" rel=\"noopener\">All Autism Talks<\/a><\/li>\n<li><a href=\"http:\/\/autismshow.org\/feed\/podcast\/\" target=\"_blank\" rel=\"noopener\">The Autism Show | Autism Podcast Radio<\/a><\/li>\n<li><a href=\"https:\/\/www.ted.com\/topics\/autism+spectrum+disorder\" target=\"_blank\" rel=\"noopener\">TED Talks : Autism Spectrum Disorders<\/a><\/li>\n<\/ul>\n<h3><strong>Podcasts d&rsquo;ici et d&rsquo;ailleurs<\/strong><\/h3>\n<ul>\n<li><a href=\"https:\/\/www.bloghoptoys.fr\/9-podcasts-mieux-comprendre-lautisme\" target=\"_blank\" rel=\"noopener\">Le blog de Hop Toys, 9 podcasts pour mieux comprendre l&rsquo;autisme<\/a><\/li>\n<li><a href=\"https:\/\/rtsww-a-d.rts.ch\/la-1ere\/programmes\/cqfd\/2017\/cqfd_20170117_standard_dossier_742af2b4-284a-42ff-9d33-b5cccaaf21a5-128k.mp3\" target=\"_blank\" rel=\"noopener\">RSR La Premi\u00e8re-CQFD- Les derni\u00e8res recherches sur l&rsquo;autisme -17.01.2017<\/a><\/li>\n<li><a href=\"http:\/\/www.rts.ch\/decouverte\/sante-et-medecine\/maladies-et-traitements\/autisme\/\">RTS D\u00e9couverte &#8211; Dossier Autisme<\/a><\/li>\n<li><a href=\"https:\/\/www.inrees.com\/Podcast\/Autisme-memoire-absolue\/\" target=\"_blank\" rel=\"noopener\">INREES- Autisme : du probl\u00e8me d&rsquo;int\u00e9gration aux capacit\u00e9s extraordinaires<\/a><\/li>\n<li><a href=\"https:\/\/player.fm\/series\/rfi-priorit-sant-1336485\/lautisme-03042017\" target=\"_blank\" rel=\"noopener\">RFI- Priorit\u00e9 sant\u00e9 &#8211; Autisme &#8211; 03.04.2017<\/a><\/li>\n<li><a href=\"http:\/\/podcast.unil.ch\/podcast\/ssp\/iscm\/cmtb_2008\/cmtb_17.m4v\" target=\"_blank\" rel=\"noopener\">Nouchine Adjikhani, EPFL, L&rsquo;image de l&rsquo;autisme, 18.03.2008<\/a><\/li>\n<li><a href=\"http:\/\/av.unil.ch\/hva\/928\/13-mtb-01.mp4\" target=\"_blank\" rel=\"noopener\">Brigitte CHAMAK, CERMES (Paris), Le syndrome d\u2019Asperger, 07.02.2013<\/a><\/li>\n<li><a href=\"http:\/\/av.unil.ch\/hva\/928\/13-mtb-12.mp4\" target=\"_blank\" rel=\"noopener\">Philippe GRAF, Avocat \u00e0 Lausanne, A propos de l\u2019Assurance Invalidit\u00e9, 08.02.2013<\/a><\/li>\n<li><a href=\"http:\/\/av.unil.ch\/hva\/1735\/14-mtb-4_hd.mp4\" target=\"_blank\" rel=\"noopener\">Evelyne THOMMEN, HETS&amp;Sa, EESP, Lausanne &#8211; Delphine PREISSMANN, Institut de psychologie, Centre de neurosciences psychiatriques, UNIL-CHUV, Fondation Agalma, Gen\u00e8ve &#8211; Pierre MARQUET, Centre de neurosciences psychiatriques, UNIL-CHUV, Schizophr\u00e9nie et autisme , 7.11.2014<\/a><\/li>\n<li><a href=\"http:\/\/media.radiofrance-podcast.net\/podcast09\/10175-23.03.2017-ITEMA_21268549-0.mp3\" target=\"_blank\" rel=\"noopener\">Herv\u00e9 Gardette, France Culture, Autisme, trisomie, troubles psychiques&#8230;quelle place dans le monde du travail ? 23.03.2017<\/a><\/li>\n<li><a href=\"http:\/\/media.radiofrance-podcast.net\/podcast09\/16274-29.09.2017-ITEMA_21449177-1.mp3\" target=\"_blank\" rel=\"noopener\">Serge Tisseron, France Culture, Autisme, L\u2019enfant autiste et les sortil\u00e8ges num\u00e9riques, 29.09.2017 <\/a><\/li>\n<li><a href=\"http:\/\/media.radiofrance-podcast.net\/podcast09\/16274-14.03.2017-ITEMA_21258977-0.mp3\" target=\"_blank\" rel=\"noopener\">Beline Dolat, France Culture, Autisme infantile : personne nulle part ? 14.03.2017<\/a><\/li>\n<\/ul>\n<p>Les podcats et t\u00e9moignages d&rsquo;autistes ou de parents d&rsquo;autistes connus<\/p>\n<ul>\n<li><a href=\"https:\/\/www.youtube.com\/results?search_query=Josef+Shovanec+\" target=\"_blank\" rel=\"noopener\">Josef Schovanec<\/a><\/li>\n<li><a href=\"https:\/\/www.youtube.com\/results?search_query=hugo+horiot\" target=\"_blank\" rel=\"noopener\">Hugo Horiot<\/a><\/li>\n<li><a href=\"https:\/\/www.youtube.com\/watch?v=UwRAQLCKKU8\">Henri Leconte<\/a><\/li>\n<\/ul>\n","protected":false},"excerpt":{"rendered":"<p>Une des fa\u00e7ons d&rsquo;en conna\u00eetre plus sur les troubles du spectre de l&rsquo;autisme est de visionner ou d&rsquo;\u00e9couter des podcasts.\u00a0 Toute une s\u00e9rie de ceux-ci est disponible via Apple iTunes &hellip; <\/p>\n<p class=\"link-more\"><a href=\"https:\/\/www.autisme-neuchatel.ch\/New\/?page_id=1044\" class=\"more-link\">Continuer la lecture<span class=\"screen-reader-text\"> de &laquo;&nbsp;Les podcasts&nbsp;&raquo;<\/span><\/a><\/p>\n","protected":false},"author":1,"featured_media":0,"parent":0,"menu_order":0,"comment_status":"closed","ping_status":"closed","template":"","meta":{"_price":"","_stock":"","_tribe_ticket_header":"","_tribe_default_ticket_provider":"","_tribe_ticket_capacity":"0","_ticket_start_date":"","_ticket_end_date":"","_tribe_ticket_show_description":"","_tribe_ticket_show_not_going":false,"_tribe_ticket_use_global_stock":"","_tribe_ticket_global_stock_level":"","_global_stock_mode":"","_global_stock_cap":"","_tribe_rsvp_for_event":"","_tribe_ticket_going_count":"","_tribe_ticket_not_going_count":"","_tribe_tickets_list":"[]","_tribe_ticket_has_attendee_info_fields":false,"footnotes":"","_tec_slr_enabled":"","_tec_slr_layout":""},"class_list":["post-1044","page","type-page","status-publish","hentry"],"ticketed":false,"_links":{"self":[{"href":"https:\/\/www.autisme-neuchatel.ch\/New\/index.php?rest_route=\/wp\/v2\/pages\/1044","targetHints":{"allow":["GET"]}}],"collection":[{"href":"https:\/\/www.autisme-neuchatel.ch\/New\/index.php?rest_route=\/wp\/v2\/pages"}],"about":[{"href":"https:\/\/www.autisme-neuchatel.ch\/New\/index.php?rest_route=\/wp\/v2\/types\/page"}],"author":[{"embeddable":true,"href":"https:\/\/www.autisme-neuchatel.ch\/New\/index.php?rest_route=\/wp\/v2\/users\/1"}],"replies":[{"embeddable":true,"href":"https:\/\/www.autisme-neuchatel.ch\/New\/index.php?rest_route=%2Fwp%2Fv2%2Fcomments&post=1044"}],"version-history":[{"count":10,"href":"https:\/\/www.autisme-neuchatel.ch\/New\/index.php?rest_route=\/wp\/v2\/pages\/1044\/revisions"}],"predecessor-version":[{"id":1073,"href":"https:\/\/www.autisme-neuchatel.ch\/New\/index.php?rest_route=\/wp\/v2\/pages\/1044\/revisions\/1073"}],"wp:attachment":[{"href":"https:\/\/www.autisme-neuchatel.ch\/New\/index.php?rest_route=%2Fwp%2Fv2%2Fmedia&parent=1044"}],"curies":[{"name":"wp","href":"https:\/\/api.w.org\/{rel}","templated":true}]}}